{"id":2024,"date":"2024-02-13T13:04:10","date_gmt":"2024-02-13T13:04:10","guid":{"rendered":"https:\/\/www.whatthehand.pl\/?page_id=2024"},"modified":"2024-02-13T13:14:27","modified_gmt":"2024-02-13T13:14:27","slug":"polityka-prywatnosci","status":"publish","type":"page","link":"https:\/\/www.whatthehand.pl\/index.php\/polityka-prywatnosci\/","title":{"rendered":"Polityka prywatno\u015bci"},"content":{"rendered":"\t\t<div data-elementor-type=\"wp-page\" data-elementor-id=\"2024\" class=\"elementor elementor-2024\" data-elementor-settings=\"{&quot;ha_cmc_init_switcher&quot;:&quot;no&quot;}\">\n\t\t\t\t\t\t<section class=\"elementor-section elementor-top-section elementor-element elementor-element-174296e6 elementor-section-boxed elementor-section-height-default elementor-section-height-default\" data-id=\"174296e6\" data-element_type=\"section\" data-e-type=\"section\" data-settings=\"{&quot;background_background&quot;:&quot;classic&quot;,&quot;_ha_eqh_enable&quot;:false}\">\n\t\t\t\t\t\t<div class=\"elementor-container elementor-column-gap-default\">\n\t\t\t\t\t<div class=\"elementor-column elementor-col-100 elementor-top-column elementor-element elementor-element-27c6d979\" data-id=\"27c6d979\" data-element_type=\"column\" data-e-type=\"column\">\n\t\t\t<div class=\"elementor-widget-wrap elementor-element-populated\">\n\t\t\t\t\t\t<div class=\"elementor-element elementor-element-3da418b5 elementor-widget elementor-widget-heading\" data-id=\"3da418b5\" data-element_type=\"widget\" data-e-type=\"widget\" data-widget_type=\"heading.default\">\n\t\t\t\t<div class=\"elementor-widget-container\">\n\t\t\t\t\t<p class=\"elementor-heading-title elementor-size-default\">WTH<\/p>\t\t\t\t<\/div>\n\t\t\t\t<\/div>\n\t\t\t\t<div class=\"elementor-element elementor-element-51a56a23 elementor-widget elementor-widget-heading\" data-id=\"51a56a23\" data-element_type=\"widget\" data-e-type=\"widget\" data-widget_type=\"heading.default\">\n\t\t\t\t<div class=\"elementor-widget-container\">\n\t\t\t\t\t<h2 class=\"elementor-heading-title elementor-size-default\">Polityka prywatno\u015bci<\/h2>\t\t\t\t<\/div>\n\t\t\t\t<\/div>\n\t\t\t\t<div class=\"elementor-element elementor-element-45bf564f elementor-widget elementor-widget-text-editor\" data-id=\"45bf564f\" data-element_type=\"widget\" data-e-type=\"widget\" data-widget_type=\"text-editor.default\">\n\t\t\t\t<div class=\"elementor-widget-container\">\n\t\t\t\t\t\t\t\t\t<ol><li style=\"font-weight: 400;\" aria-level=\"1\"><p>Administratorem Danych Osobowych Paulina Mojsak, prowadz\u0105ca dzia\u0142alno\u015b\u0107 gospodarcz\u0105 wpisan\u0105 do Centralnej Ewidencji i Informacji o Dzia\u0142alno\u015bci Gospodarczej pod nazw\u0105 What The Hand Paulina Mojsak, NIP 5423478958, REGON 527288616, ul. Marii Konopnickiej 2\/20, 15-215 Bia\u0142ystok, email: kontakt@whatthehand.pl.<\/p><p><br \/>Szanuj\u0105c Pa\u0144stwa prawa jako podmiot\u00f3w danych osobowych (os\u00f3b, kt\u00f3rych dane dotycz\u0105) oraz respektuj\u0105c obowi\u0105zuj\u0105ce przepisy prawa, w tym w szczeg\u00f3lno\u015bci Rozporz\u0105dzenie Parlamentu Europejskiego i Rady (UE) 2016\/679 z dnia 27 kwietnia 2016 r. w sprawie ochrony os\u00f3b fizycznych w zwi\u0105zku z przetwarzaniem danych osobowych i w sprawie swobodnego przep\u0142ywu takich danych oraz uchylenia dyrektywy 95\/46\/WE (og\u00f3lne rozporz\u0105dzenie o ochronie danych), zwane dalej RODO, ustaw\u0119 o ochronie danych osobowych (zwan\u0105 dalej Ustaw\u0105) i inne w\u0142a\u015bciwe przepisy o ochronie danych osobowych, zobowi\u0105zujemy si\u0119 do zachowania bezpiecze\u0144stwa i poufno\u015bci pozyskanych od Pa\u0144stwa danych osobowych. Wszyscy pracownicy zostali odpowiednio przeszkoleni w zakresie przetwarzania danych osobowych, a nasza firma jako Administrator Danych Osobowych wdro\u017cy\u0142a odpowiednie zabezpieczenia oraz \u015brodki techniczne i organizacyjne w celu zapewnienia najwy\u017cszego stopnia ochrony danych osobowych. Posiadamy wdro\u017cone procedury i polityki ochrony danych osobowych zgodne z RODO, dzi\u0119ki kt\u00f3rym zapewniamy zgodno\u015b\u0107 z prawem oraz rzetelno\u015b\u0107 proces\u00f3w przetwarzania danych, a tak\u017ce egzekwowalno\u015b\u0107 wszelkich praw przys\u0142uguj\u0105cych Pa\u0144stwu jako osobom, kt\u00f3rych dane dotycz\u0105. Dodatkowo w razie konieczno\u015bci wsp\u00f3\u0142pracujemy z organem nadzorczym na terenie Rzeczpospolitej Polskiej tj. z Prezesem Urz\u0119du Ochrony Danych Osobowych (zwanym dalej PUODO).<\/p><p>Firma jest Administratorem Danych Osobowych. Wszelkie zapytania, wnioski, skargi dotycz\u0105ce przetwarzania danych osobowych przez firm\u0119 (Administratora Danych Osobowych), zwane dalej Zg\u0142oszeniami, nale\u017cy kierowa\u0107 na nast\u0119puj\u0105cy adres e-mail Inspektora Ochrony Danych Osobowych: kontakt@whatthehand.pl. lub w formie pisemnej na adres Administratora Danych Osobowych, tj.\u00a0 ul. Marii Konopnickiej 2\/20, 15-215 Bia\u0142ystok. W tre\u015bci Zg\u0142oszenia nale\u017cy w spos\u00f3b wyra\u017any wskaza\u0107:<br \/>\u00a0\u00a0\u00a0\u00a0\u00a0\u00a0\u00a0\u00a0a) \u00a0 \u00a0 dane osoby lub os\u00f3b, kt\u00f3rych dotyczy Zg\u0142oszenie,<\/p><p>\u00a0\u00a0\u00a0\u00a0\u00a0\u00a0\u00a0\u00a0b)\u00a0 \u00a0 zdarzenie, kt\u00f3re jest powodem Zg\u0142oszenia,<\/p><p>\u00a0\u00a0\u00a0\u00a0\u00a0\u00a0\u00a0\u00a0c) \u00a0 \u00a0 przedstawi\u0107 swoje \u017c\u0105dania oraz podstaw\u0119 prawn\u0105 tych \u017c\u0105da\u0144,<\/p><p>\u00a0\u00a0\u00a0\u00a0\u00a0\u00a0\u00a0\u00a0d)\u00a0 \u00a0 wskaza\u0107 oczekiwany spos\u00f3b za\u0142atwienia sprawy.<\/p><p><br \/>Na stronie internetowej www.whatthehand.pl zbieramy nast\u0119puj\u0105ce dane osobowe w formularzu kontaktowym:<br \/>imi\u0119<br \/>adres e-mail<br \/>wojew\u00f3dztwo<\/p><p>5. Podanie danych wskazanych w punkcie poprzedzaj\u0105cym jest konieczne w celu realizowania us\u0142ugi (subskrypcji) newslettera \u2013 je\u015bli chc\u0105 by\u0107 Pa\u0144stwo informowani o ciekawych wydarzeniach i ofertach handlowych, mog\u0105 Pa\u0144stwo zosta\u0107 abonentem prowadzonego przez nas newslettera; przyst\u0105pienie do subskrypcji jest dobrowolne i w ka\u017cdej chwili mog\u0105 si\u0119 Pa\u0144stwo z niej wypisa\u0107.<\/p><p><br \/>6. Strona internetowa wykorzystuje technologi\u0119 Cookies w celu dostosowania jego funkcjonowania do Pa\u0144stwa indywidualnych potrzeb. W zwi\u0105zku z tym mog\u0105 Pa\u0144stwo zgodzi\u0107 si\u0119 na to, aby wpisane przez Pa\u0144stwa dane i informacje zosta\u0142y zapami\u0119tane, dzi\u0119ki czemu mo\u017cliwe b\u0119dzie korzystanie z nich przy nast\u0119pnych odwiedzinach naszego strony\u00a0 internetowej bez potrzeby powt\u00f3rnego ich wpisywania. W\u0142a\u015bciciele innych witryn nie b\u0119d\u0105 mieli dost\u0119pu do tych danych i informacji. Je\u017celi natomiast nie zgadzaj\u0105 si\u0119 Pa\u0144stwo na personalizowanie naszej strony internetowej, proponujemy wy\u0142\u0105czenie obs\u0142ugi plik\u00f3w Cookies w opcjach swojej przegl\u0105darki internetowej.<\/p><p><br \/>7. Ka\u017cdy z Pa\u0144stwa jako osoba korzystaj\u0105ca z naszej strony\u00a0 internetowej ma mo\u017cliwo\u015b\u0107 wyboru, czy i w jakim zakresie chce korzysta\u0107 z naszych us\u0142ug oraz udost\u0119pnia\u0107 informacje i dane o sobie w zakresie okre\u015blonym tre\u015bci\u0105 niniejszej Polityki prywatno\u015bci.<\/p><p>8. Dane osobowe przetwarzamy przez czas niezb\u0119dny do osi\u0105gni\u0119cia cel\u00f3w wymienionych w punkcie 5.\u00a0<\/p><p><br \/>9. Dane osobowe s\u0105 przetwarzane przez okres bezterminowy poniewa\u017c us\u0142uga, kt\u00f3r\u0105 wykonujemy ma charakter ci\u0105g\u0142y (np. subskrypcja newslettera).<\/p><p><br \/>10.\u00a0 \u0179r\u00f3d\u0142em przetwarzanych przez Administratora Danych Osobowych s\u0105 osoby, kt\u00f3rych dane dotycz\u0105.<\/p><p><br \/>11. Pa\u0144stwa dane osobowe nie s\u0105 przekazywane do pa\u0144stwa trzeciego w rozumieniu przepis\u00f3w RODO.<\/p><p><br \/>12.\u00a0 Dane osobowe mog\u0105 by\u0107 powierzane do przetwarzania podmiotom przetwarzaj\u0105cym takie dane na rzecz naszej firmy jako Administratora Danych Osobowych. W takiej sytuacji jako Administrator Danych Osobowych zawieramy z podmiotem przetwarzaj\u0105cym umow\u0119 powierzenia przetwarzania danych osobowych.<\/p><p>a) \u00a0 \u00a0 \u015bwiadcz\u0105cym us\u0142ugi hostingowe na rzecz strony internetowej, na kt\u00f3rej dzia\u0142a nasza platforma internetowa,<\/p><p>b) \u00a0 \u00a0 \u015bwiadcz\u0105cym inne us\u0142ugi na nasz\u0105 rzecz jako Administratora danych osobowych, kt\u00f3re s\u0105 niezb\u0119dne do bie\u017c\u0105cego funkcjonowania strony internetowej<\/p><p><br \/>13. Dane osobowe nie podlegaj\u0105 profilowaniu przez Administratora Danych Osobowych.<\/p><p>Zgodnie z przepisami RODO ka\u017cda osoba, kt\u00f3rej dane osobowe przetwarzamy jako Administrator Danych Osobowych\u00a0 ma prawo do:<\/p><p>a) \u00a0 \u00a0 do bycia informowanym o przetwarzaniu danych osobowych, o kt\u00f3rym mowa w art. 12 RODO \u2013 Administrator jest zobowi\u0105zany przekaza\u0107 Pa\u0144stwu jako osobom, kt\u00f3rych dane b\u0119d\u0105 przetwarzane, okre\u015blonych w RODO informacji (m.in. o swoich danych, danych kontaktowych IOD, celach oraz podstawach prawnych przetwarzania danych osobowych, odbiorcach lub kategoriach odbiorc\u00f3w danych osobowych, o ile istniej\u0105 czy o okresie przez kt\u00f3ry dane b\u0119d\u0105 przetwarzane lub o kryteriach ustalania tego okresu); obowi\u0105zek ten nale\u017cy spe\u0142ni\u0107 ju\u017c w momencie pozyskiwania danych , a je\u017celi danych nie uzyskuje si\u0119 od osoby, kt\u00f3rej dane dotycz\u0105, lecz z innego \u017ar\u00f3d\u0142a \u2013 w rozs\u0105dnym terminie, zale\u017cnie od okoliczno\u015bci; Administrator mo\u017ce zaniecha\u0107 podawania tych informacji, je\u015bli osoba kt\u00f3rej dane dotycz\u0105, ju\u017c nimi dysponuje,<\/p><p>b)\u00a0 \u00a0 dost\u0119pu do swoich danych osobowych, o kt\u00f3rym mowa w art. 15 RODO \u2013 podaj\u0105c nam dane osobowe, maj\u0105 Pa\u0144stwo prawo uzyska\u0107 do nich wgl\u0105d i dost\u0119p; nie oznacza to jednak, \u017ce maj\u0105 Pa\u0144stwo prawo dost\u0119pu do wszystkich dokument\u00f3w, na kt\u00f3rych Pa\u0144stwa dane widniej\u0105, poniewa\u017c mog\u0105 one zawiera\u0107 informacje poufne; maj\u0105 jednak Pa\u0144stwo prawo do informacji jakie Pa\u0144stwa dane i w jakim celu przetwarzamy oraz prawo do uzyskania kopii swoich danych osobowych, przy czym pierwsz\u0105 kopi\u0119 wydajemy bezp\u0142atnie, a za ka\u017cd\u0105 kolejn\u0105 zgodnie z przepisami RODO pobieramy odpowiedni\u0105 op\u0142at\u0119 administracyjn\u0105 odpowiadaj\u0105c\u0105 kosztom sporz\u0105dzenia kopii,<\/p><p>c) \u00a0 \u00a0 poprawiania, uzupe\u0142niania, uaktualniania, sprostowania danych osobowych, o kt\u00f3rych mowa w art. 16 RODO \u2013 je\u017celi Pa\u0144stwa dane osobowe uleg\u0142y zmianie, prosimy o poinformowanie nas jako Administratora Danych Osobowych o tym fakcie, aby posiadane przez nas dane by\u0142y zgodne ze stanem rzeczywistym oraz aktualne; r\u00f3wnie\u017c w sytuacji, gdy nie nast\u0105pi\u0142a \u017cadna zmiana danych osobowych, ale z jakichkolwiek wzgl\u0119d\u00f3w dane te s\u0105 nieprawid\u0142owe lub zosta\u0142y zapisane w spos\u00f3b niepoprawny (np. na skutek omy\u0142ki pisarskiej), prosimy o informacj\u0119 w celu poprawienia lub sprostowania takich danych,<\/p><p>d)\u00a0 \u00a0 usuni\u0119cia danych (prawo do bycia zapomnianym), o kt\u00f3rym mowa w art. 17 RODO \u2013 innymi s\u0142owy maj\u0105 Pa\u0144stwo prawo \u017c\u0105dania \u201eskasowania\u201d danych posiadanych przez nas jako Administratora Danych Osobowych oraz prawo do wyst\u0105pienia do nas jako Administratora Danych Osobowych, aby\u015bmy poinformowali innych administrator\u00f3w, kt\u00f3rym przekazali\u015bmy<\/p><\/li><\/ol>\t\t\t\t\t\t\t\t<\/div>\n\t\t\t\t<\/div>\n\t\t\t\t\t<\/div>\n\t\t<\/div>\n\t\t\t\t\t<\/div>\n\t\t<\/section>\n\t\t\t\t<\/div>\n\t\t","protected":false},"excerpt":{"rendered":"<p>WTH Polityka prywatno\u015bci Administratorem Danych Osobowych Paulina Mojsak, prowadz\u0105ca dzia\u0142alno\u015b\u0107 gospodarcz\u0105 wpisan\u0105 do Centralnej Ewidencji i Informacji o Dzia\u0142alno\u015bci Gospodarczej pod nazw\u0105 What The Hand Paulina Mojsak, NIP 5423478958, REGON 527288616, ul. Marii Konopnickiej 2\/20, 15-215 Bia\u0142ystok, email: kontakt@whatthehand.pl. Szanuj\u0105c Pa\u0144stwa prawa jako podmiot\u00f3w danych osobowych (os\u00f3b, kt\u00f3rych dane dotycz\u0105) oraz respektuj\u0105c obowi\u0105zuj\u0105ce przepisy prawa, [&hellip;]<\/p>\n","protected":false},"author":1,"featured_media":0,"parent":0,"menu_order":0,"comment_status":"closed","ping_status":"closed","template":"elementor_header_footer","meta":{"_kadence_starter_templates_imported_post":false,"footnotes":""},"class_list":["post-2024","page","type-page","status-publish","hentry"],"_links":{"self":[{"href":"https:\/\/www.whatthehand.pl\/index.php\/wp-json\/wp\/v2\/pages\/2024","targetHints":{"allow":["GET"]}}],"collection":[{"href":"https:\/\/www.whatthehand.pl\/index.php\/wp-json\/wp\/v2\/pages"}],"about":[{"href":"https:\/\/www.whatthehand.pl\/index.php\/wp-json\/wp\/v2\/types\/page"}],"author":[{"embeddable":true,"href":"https:\/\/www.whatthehand.pl\/index.php\/wp-json\/wp\/v2\/users\/1"}],"replies":[{"embeddable":true,"href":"https:\/\/www.whatthehand.pl\/index.php\/wp-json\/wp\/v2\/comments?post=2024"}],"version-history":[{"count":7,"href":"https:\/\/www.whatthehand.pl\/index.php\/wp-json\/wp\/v2\/pages\/2024\/revisions"}],"predecessor-version":[{"id":2032,"href":"https:\/\/www.whatthehand.pl\/index.php\/wp-json\/wp\/v2\/pages\/2024\/revisions\/2032"}],"wp:attachment":[{"href":"https:\/\/www.whatthehand.pl\/index.php\/wp-json\/wp\/v2\/media?parent=2024"}],"curies":[{"name":"wp","href":"https:\/\/api.w.org\/{rel}","templated":true}]}}